{"id":6174,"date":"2020-01-23T19:24:21","date_gmt":"2020-01-23T18:24:21","guid":{"rendered":"http:\/\/www.ass-sf.info\/de\/?page_id=6174"},"modified":"2021-05-30T21:26:40","modified_gmt":"2021-05-30T20:26:40","slug":"uebertrittsinfo","status":"publish","type":"page","link":"https:\/\/www.ass-sf.info\/de\/uebertrittsinfo\/","title":{"rendered":"\u00dcbertrittsinfo"},"content":{"rendered":"<div class=\"page\" title=\"Page 3\">\n<div class=\"layoutArea\">\n<div class=\"column\">\n<h3>Grundschule \u2013 und was dann?<\/h3>\n<p>&#8220;Ihr Kind hat einen wichtigen ersten Schritt in seiner Bildungsbiographie bald gemeistert. Doch auf die Grundschule folgt der na\u0308chste bedeutende Meilenstein in der Schullaufbahn: Die weiterfu\u0308hrende Schule. Vor diesem U\u0308bergang stehen jedes Jahr weit u\u0308ber 1000 Schu\u0308lerinnen und Schu\u0308ler im Oberallga\u0308u.<\/p>\n<\/div>\n<\/div>\n<\/div>\n<p>Wenn der Weg bei Ihrem Kind noch nicht vorgezeichnet ist: Gleichen Sie die Begabungen, Neigungen und seine Talente mit den Profilen und den vielfa\u0308ltigen Angeboten unserer Schulen ab und nutzen Sie die Informations- und Beratungsangebote. (&#8230;) Unsere Gesellschaft braucht die Bildungsvielfalt, und sie braucht Ihren Mut, unter Beru\u0308cksichtigung von Sta\u0308rken und Schwa\u0308chen nach den Bedu\u0308rfnissen Ihres Kindes zu entscheiden.&#8221; (Landr\u00e4tin Baier-M\u00fcller)<\/p>\n<div class=\"page\" title=\"Page 3\">\n<div class=\"layoutArea\">\n<div class=\"column\">\n<div class=\"page\" title=\"Page 3\">\n<div class=\"layoutArea\">\n<div class=\"column\">\n<p>Mit vorliegender Brosch\u00fcre erhalten Sie eine Unterst\u00fctzung zur Schulwahl der weiterf\u00fchrenden Schule f\u00fcr Ihr Kind.<\/p>\n<a href=\"https:\/\/www.ass-sf.info\/de\/wp-content\/uploads\/2021\/04\/Broschu\u0308re_Grundschule_SJ-2020-2021.pdf\" class=\"pdfemb-viewer\" style=\"\" data-width=\"max\" data-height=\"max\" data-toolbar=\"bottom\" data-toolbar-fixed=\"off\">Broschu\u0308re_Grundschule_SJ 2020-2021<\/a>\n<\/div>\n<\/div>\n<\/div>\n<\/div>\n<\/div>\n<\/div>\n","protected":false},"excerpt":{"rendered":"<p>Grundschule \u2013 und was dann? &#8220;Ihr Kind hat einen wichtigen ersten Schritt in seiner Bildungsbiographie bald gemeistert. Doch auf die Grundschule folgt der na\u0308chste bedeutende Meilenstein in der Schullaufbahn: Die weiterfu\u0308hrende Schule. Vor diesem U\u0308bergang stehen jedes Jahr weit u\u0308ber 1000 Schu\u0308lerinnen und Schu\u0308ler im Oberallga\u0308u. Wenn der Weg bei Ihrem Kind noch nicht vorgezeichnet [&hellip;]<\/p>\n","protected":false},"author":4,"featured_media":0,"parent":0,"menu_order":0,"comment_status":"closed","ping_status":"closed","template":"","meta":{"footnotes":""},"_links":{"self":[{"href":"https:\/\/www.ass-sf.info\/de\/wp-json\/wp\/v2\/pages\/6174"}],"collection":[{"href":"https:\/\/www.ass-sf.info\/de\/wp-json\/wp\/v2\/pages"}],"about":[{"href":"https:\/\/www.ass-sf.info\/de\/wp-json\/wp\/v2\/types\/page"}],"author":[{"embeddable":true,"href":"https:\/\/www.ass-sf.info\/de\/wp-json\/wp\/v2\/users\/4"}],"replies":[{"embeddable":true,"href":"https:\/\/www.ass-sf.info\/de\/wp-json\/wp\/v2\/comments?post=6174"}],"version-history":[{"count":3,"href":"https:\/\/www.ass-sf.info\/de\/wp-json\/wp\/v2\/pages\/6174\/revisions"}],"predecessor-version":[{"id":7549,"href":"https:\/\/www.ass-sf.info\/de\/wp-json\/wp\/v2\/pages\/6174\/revisions\/7549"}],"wp:attachment":[{"href":"https:\/\/www.ass-sf.info\/de\/wp-json\/wp\/v2\/media?parent=6174"}],"curies":[{"name":"wp","href":"https:\/\/api.w.org\/{rel}","templated":true}]}}